{"id":9,"date":"2025-07-22T17:09:39","date_gmt":"2025-07-22T15:09:39","guid":{"rendered":"https:\/\/lespremiersclaps.fr\/?page_id=9"},"modified":"2025-08-29T14:54:59","modified_gmt":"2025-08-29T12:54:59","slug":"a-propos-de","status":"publish","type":"page","link":"https:\/\/lespremiersclaps.fr\/?page_id=9","title":{"rendered":"\u00c0 propos de l&#8217;Association"},"content":{"rendered":"\t\t<div data-elementor-type=\"wp-page\" data-elementor-id=\"9\" class=\"elementor elementor-9\" data-elementor-post-type=\"page\">\n\t\t\t\t<div class=\"elementor-element elementor-element-df1b0b0 e-con-full e-flex e-con e-parent\" data-id=\"df1b0b0\" data-element_type=\"container\">\n\t\t\t\t<div class=\"elementor-element elementor-element-26321c8 e-transform elementor-widget elementor-widget-image-carousel\" data-id=\"26321c8\" data-element_type=\"widget\" data-settings=\"{&quot;slides_to_show&quot;:&quot;1&quot;,&quot;navigation&quot;:&quot;none&quot;,&quot;_transform_scale_effect&quot;:{&quot;unit&quot;:&quot;px&quot;,&quot;size&quot;:1.3,&quot;sizes&quot;:[]},&quot;autoplay_speed&quot;:3000,&quot;speed&quot;:400,&quot;autoplay&quot;:&quot;yes&quot;,&quot;pause_on_hover&quot;:&quot;yes&quot;,&quot;pause_on_interaction&quot;:&quot;yes&quot;,&quot;infinite&quot;:&quot;yes&quot;,&quot;effect&quot;:&quot;slide&quot;,&quot;_transform_scale_effect_tablet&quot;:{&quot;unit&quot;:&quot;px&quot;,&quot;size&quot;:&quot;&quot;,&quot;sizes&quot;:[]},&quot;_transform_scale_effect_mobile&quot;:{&quot;unit&quot;:&quot;px&quot;,&quot;size&quot;:&quot;&quot;,&quot;sizes&quot;:[]}}\" data-widget_type=\"image-carousel.default\">\n\t\t\t\t\t\t\t<div class=\"elementor-image-carousel-wrapper swiper\" role=\"region\" aria-roledescription=\"carousel\" aria-label=\"Carrousel d\u2019images\" dir=\"ltr\">\n\t\t\t<div class=\"elementor-image-carousel swiper-wrapper swiper-image-stretch\" aria-live=\"off\">\n\t\t\t\t\t\t\t\t<div class=\"swiper-slide\" role=\"group\" aria-roledescription=\"slide\" aria-label=\"1 sur 8\"><figure class=\"swiper-slide-inner\"><img decoding=\"async\" class=\"swiper-slide-image\" src=\"https:\/\/lespremiersclaps.fr\/wp-content\/uploads\/2025\/08\/pexels-ron-lach-9811672-scaled-e1756471971976-2048x836.jpg\" alt=\"pexels-ron-lach-9811672\" \/><\/figure><\/div><div class=\"swiper-slide\" role=\"group\" aria-roledescription=\"slide\" aria-label=\"2 sur 8\"><figure class=\"swiper-slide-inner\"><img decoding=\"async\" class=\"swiper-slide-image\" src=\"https:\/\/lespremiersclaps.fr\/wp-content\/uploads\/2025\/08\/pexels-ron-lach-8088386-2048x1365.jpg\" alt=\"pexels-ron-lach-8088386\" \/><\/figure><\/div><div class=\"swiper-slide\" role=\"group\" aria-roledescription=\"slide\" aria-label=\"3 sur 8\"><figure class=\"swiper-slide-inner\"><img decoding=\"async\" class=\"swiper-slide-image\" src=\"https:\/\/lespremiersclaps.fr\/wp-content\/uploads\/2025\/08\/pexels-bertellifotografia-2608519-2048x1365.jpg\" alt=\"pexels-bertellifotografia-2608519\" \/><\/figure><\/div><div class=\"swiper-slide\" role=\"group\" aria-roledescription=\"slide\" aria-label=\"4 sur 8\"><figure class=\"swiper-slide-inner\"><img decoding=\"async\" class=\"swiper-slide-image\" src=\"https:\/\/lespremiersclaps.fr\/wp-content\/uploads\/2025\/08\/pexels-pixabay-275977-2048x1365.jpg\" alt=\"pexels-pixabay-275977\" \/><\/figure><\/div><div class=\"swiper-slide\" role=\"group\" aria-roledescription=\"slide\" aria-label=\"5 sur 8\"><figure class=\"swiper-slide-inner\"><img decoding=\"async\" class=\"swiper-slide-image\" src=\"https:\/\/lespremiersclaps.fr\/wp-content\/uploads\/2025\/08\/pexels-ron-lach-9808171-scaled-e1756471307224-2048x821.jpg\" alt=\"pexels-ron-lach-9808171\" \/><\/figure><\/div><div class=\"swiper-slide\" role=\"group\" aria-roledescription=\"slide\" aria-label=\"6 sur 8\"><figure class=\"swiper-slide-inner\"><img decoding=\"async\" class=\"swiper-slide-image\" src=\"https:\/\/lespremiersclaps.fr\/wp-content\/uploads\/2025\/08\/pexels-kyleloftusstudios-3379932-2048x1365.jpg\" alt=\"pexels-kyleloftusstudios-3379932\" \/><\/figure><\/div><div class=\"swiper-slide\" role=\"group\" aria-roledescription=\"slide\" aria-label=\"7 sur 8\"><figure class=\"swiper-slide-inner\"><img decoding=\"async\" class=\"swiper-slide-image\" src=\"https:\/\/lespremiersclaps.fr\/wp-content\/uploads\/2025\/08\/pexels-ron-lach-9811317-2048x1365.jpg\" alt=\"pexels-ron-lach-9811317\" \/><\/figure><\/div><div class=\"swiper-slide\" role=\"group\" aria-roledescription=\"slide\" aria-label=\"8 sur 8\"><figure class=\"swiper-slide-inner\"><img decoding=\"async\" class=\"swiper-slide-image\" src=\"https:\/\/lespremiersclaps.fr\/wp-content\/uploads\/2025\/08\/pexels-kyleloftusstudios-3379934-2048x1365.jpg\" alt=\"pexels-kyleloftusstudios-3379934\" \/><\/figure><\/div>\t\t\t<\/div>\n\t\t\t\t\t\t\t\n\t\t\t\t\t\t\t\t\t<\/div>\n\t\t\t\t\t\t<\/div>\n\t\t\t\t<\/div>\n\t\t<div class=\"elementor-element elementor-element-a02203a e-flex e-con-boxed e-con e-parent\" data-id=\"a02203a\" data-element_type=\"container\">\n\t\t\t\t\t<div class=\"e-con-inner\">\n\t\t\t\t<div class=\"elementor-element elementor-element-a34b9b3 elementor-widget elementor-widget-text-editor\" data-id=\"a34b9b3\" data-element_type=\"widget\" data-widget_type=\"text-editor.default\">\n\t\t\t\t\t\t\t\t\t<p style=\"color: rgba(23, 30, 37, 0.8);\"><br><\/p><p style=\"color: rgba(23, 30, 37, 0.8);\">L\u2019 Association&nbsp;<mark class=\"has-inline-color has-luminous-vivid-orange-color\" style=\"background-color: rgba(0, 0, 0, 0);\"><strong>Les Premiers Claps<\/strong><\/mark>&nbsp;\u00e0 pour but de promouvoir, d\u00e9velopper, former et aider \u00e0 la production dans les domaines du cin\u00e9ma, de l\u2019audiovisuel et de la musique sur le d\u00e9partement de la Vienne.<\/p>\n<p style=\"color: rgba(23, 30, 37, 0.8);\">\n<\/p><p style=\"color: rgba(23, 30, 37, 0.8);\">\n<\/p><p style=\"color: rgba(23, 30, 37, 0.8);\">Nous proposons&nbsp;<strong><mark class=\"has-inline-color has-luminous-vivid-orange-color\" style=\"background-color: rgba(0, 0, 0, 0);\">des stages<\/mark><\/strong>&nbsp;tout au long de l&#8217;ann\u00e9e pour les amateurs et les professionnels. Vous pourrez vous former \u00e0 l&#8217;\u00e9criture de films, la r\u00e9alisation, le montage, la production, l&#8217;Acting, que ce soit pour des formats courts, longs m\u00e9trages, films institutionnels, communication corporate interne, assets pour les r\u00e9seaux sociaux, int\u00e9gration d&#8217;IA. Nos stages vous permettront de rapidement pouvoir commencer \u00e0 cr\u00e9er des contenus qu&#8217;ils soient destin\u00e9s \u00e0 \u00eatre diffus\u00e9s sur les r\u00e9seaux sociaux ou bien sur des plateformes de streaming, des cha\u00eenes de t\u00e9l\u00e9vision ou pour votre communication interne etc.<\/p>\n<p style=\"color: rgba(23, 30, 37, 0.8);\">\n<\/p><p style=\"color: rgba(23, 30, 37, 0.8);\">\n<\/p><p style=\"color: rgba(23, 30, 37, 0.8);\">Nous vous proposons de vous initier \u00e0 la composition musicale en studio, la direction artistique, et d\u00e9couvrir l&#8217;ensemble des process de la cr\u00e9ation \u00e0 la diffusion d&#8217;un projet au travers de nos stages et de&nbsp;<strong><mark class=\"has-inline-color has-luminous-vivid-orange-color\" style=\"background-color: rgba(0, 0, 0, 0);\">Masterclass :<\/mark>&nbsp;surveillez nos r\u00e9seaux sociaux et notre agenda<\/strong>.<\/p>\n<p style=\"color: rgba(23, 30, 37, 0.8);\">\n<\/p><p style=\"color: rgba(23, 30, 37, 0.8);\">\n<\/p><p style=\"color: rgba(23, 30, 37, 0.8);\">Nous mettons \u00e0 votre disposition&nbsp;<strong><mark class=\"has-inline-color has-luminous-vivid-orange-color\" style=\"background-color: rgba(0, 0, 0, 0);\">un annuaire<\/mark><\/strong>&nbsp;des com\u00e9dien.ne.s, figurant.e.s, technicien.ne.s audiovisuel, musicien.ne.s, ing\u00e9nieurs du son, beatmakers.euses, des prestataires, maquillage, catering, studios d&#8217;enregistrement, post-production, plateaux de tournages, sites et tiers lieux de tournages, moyens techniques, logistique etc&#8230;<\/p>\n<p style=\"color: rgba(23, 30, 37, 0.8);\">\n<\/p><p style=\"color: rgba(23, 30, 37, 0.8);\">\n<\/p><p style=\"color: rgba(23, 30, 37, 0.8);\">V\u00e9ritable&nbsp;<strong><mark class=\"has-inline-color has-luminous-vivid-orange-color\" style=\"background-color: rgba(0, 0, 0, 0);\">&#8220;bureau d&#8217;accueil des tournages&#8221;<\/mark><\/strong>, nous pouvons vous aider dans vos recherches pour produire, tourner, organiser et r\u00e9aliser vos castings. Notre r\u00e9seau vous permettra de trouver les ressources pour mener votre projet \u00e0 bien.<\/p>\n<p style=\"color: rgba(23, 30, 37, 0.8);\">\n<\/p><p style=\"color: rgba(23, 30, 37, 0.8);\">\n<\/p><p style=\"font-size: 12px; color: rgba(23, 30, 37, 0.8);\">Les Premiers Claps, association Loi 1901, RNA N\u00b0 W863012495 &#8211; SIREN 988701082<\/p>\t\t\t\t\t\t\t\t<\/div>\n\t\t\t\t\t<\/div>\n\t\t\t\t<\/div>\n\t\t\t\t<\/div>\n\t\t","protected":false},"excerpt":{"rendered":"<p>L\u2019 Association&nbsp;Les Premiers Claps&nbsp;\u00e0 pour but de promouvoir, d\u00e9velopper, former et aider \u00e0 la production dans les domaines du cin\u00e9ma, de l\u2019audiovisuel et de la musique sur le d\u00e9partement de la Vienne. Nous proposons&nbsp;des stages&nbsp;tout au long de l&#8217;ann\u00e9e pour les amateurs et les professionnels. Vous pourrez vous former \u00e0 l&#8217;\u00e9criture de films, la r\u00e9alisation, [&hellip;]<\/p>\n","protected":false},"author":1,"featured_media":50,"parent":0,"menu_order":0,"comment_status":"closed","ping_status":"closed","template":"","meta":{"_acf_changed":false,"saved_in_kubio":true,"footnotes":""},"class_list":["post-9","page","type-page","status-publish","has-post-thumbnail","hentry"],"acf":[],"kubio_ai_page_context":{"short_desc":"","purpose":"general"},"yoast_head":"<!-- This site is optimized with the Yoast SEO plugin v26.1 - https:\/\/yoast.com\/wordpress\/plugins\/seo\/ -->\n<title>\u00c0 propos de l&#039;Association - LES PREMIERS CLAPS<\/title>\n<meta name=\"robots\" content=\"index, follow, max-snippet:-1, max-image-preview:large, max-video-preview:-1\" \/>\n<link rel=\"canonical\" href=\"https:\/\/lespremiersclaps.fr\/?page_id=9\" \/>\n<meta property=\"og:locale\" content=\"fr_FR\" \/>\n<meta property=\"og:type\" content=\"article\" \/>\n<meta property=\"og:title\" content=\"\u00c0 propos de l&#039;Association - LES PREMIERS CLAPS\" \/>\n<meta property=\"og:description\" content=\"L\u2019 Association&nbsp;Les Premiers Claps&nbsp;\u00e0 pour but de promouvoir, d\u00e9velopper, former et aider \u00e0 la production dans les domaines du cin\u00e9ma, de l\u2019audiovisuel et de la musique sur le d\u00e9partement de la Vienne. Nous proposons&nbsp;des stages&nbsp;tout au long de l&#8217;ann\u00e9e pour les amateurs et les professionnels. Vous pourrez vous former \u00e0 l&#8217;\u00e9criture de films, la r\u00e9alisation, [&hellip;]\" \/>\n<meta property=\"og:url\" content=\"https:\/\/lespremiersclaps.fr\/?page_id=9\" \/>\n<meta property=\"og:site_name\" content=\"LES PREMIERS CLAPS\" \/>\n<meta property=\"article:publisher\" content=\"https:\/\/www.facebook.com\/profile.php?id=61577826105778\" \/>\n<meta property=\"article:modified_time\" content=\"2025-08-29T12:54:59+00:00\" \/>\n<meta property=\"og:image\" content=\"https:\/\/lespremiersclaps.fr\/wp-content\/uploads\/2025\/07\/pexels-kyleloftusstudios-5488369-scaled.jpg\" \/>\n\t<meta property=\"og:image:width\" content=\"2560\" \/>\n\t<meta property=\"og:image:height\" content=\"1706\" \/>\n\t<meta property=\"og:image:type\" content=\"image\/jpeg\" \/>\n<meta name=\"twitter:card\" content=\"summary_large_image\" \/>\n<meta name=\"twitter:label1\" content=\"Dur\u00e9e de lecture estim\u00e9e\" \/>\n\t<meta name=\"twitter:data1\" content=\"4 minutes\" \/>\n<script type=\"application\/ld+json\" class=\"yoast-schema-graph\">{\"@context\":\"https:\/\/schema.org\",\"@graph\":[{\"@type\":\"WebPage\",\"@id\":\"https:\/\/lespremiersclaps.fr\/?page_id=9\",\"url\":\"https:\/\/lespremiersclaps.fr\/?page_id=9\",\"name\":\"\u00c0 propos de l'Association - LES PREMIERS CLAPS\",\"isPartOf\":{\"@id\":\"https:\/\/lespremiersclaps.fr\/#website\"},\"primaryImageOfPage\":{\"@id\":\"https:\/\/lespremiersclaps.fr\/?page_id=9#primaryimage\"},\"image\":{\"@id\":\"https:\/\/lespremiersclaps.fr\/?page_id=9#primaryimage\"},\"thumbnailUrl\":\"https:\/\/lespremiersclaps.fr\/wp-content\/uploads\/2025\/07\/pexels-kyleloftusstudios-5488369-scaled.jpg\",\"datePublished\":\"2025-07-22T15:09:39+00:00\",\"dateModified\":\"2025-08-29T12:54:59+00:00\",\"breadcrumb\":{\"@id\":\"https:\/\/lespremiersclaps.fr\/?page_id=9#breadcrumb\"},\"inLanguage\":\"fr-FR\",\"potentialAction\":[{\"@type\":\"ReadAction\",\"target\":[\"https:\/\/lespremiersclaps.fr\/?page_id=9\"]}]},{\"@type\":\"ImageObject\",\"inLanguage\":\"fr-FR\",\"@id\":\"https:\/\/lespremiersclaps.fr\/?page_id=9#primaryimage\",\"url\":\"https:\/\/lespremiersclaps.fr\/wp-content\/uploads\/2025\/07\/pexels-kyleloftusstudios-5488369-scaled.jpg\",\"contentUrl\":\"https:\/\/lespremiersclaps.fr\/wp-content\/uploads\/2025\/07\/pexels-kyleloftusstudios-5488369-scaled.jpg\",\"width\":2560,\"height\":1706},{\"@type\":\"BreadcrumbList\",\"@id\":\"https:\/\/lespremiersclaps.fr\/?page_id=9#breadcrumb\",\"itemListElement\":[{\"@type\":\"ListItem\",\"position\":1,\"name\":\"Accueil\",\"item\":\"https:\/\/lespremiersclaps.fr\/\"},{\"@type\":\"ListItem\",\"position\":2,\"name\":\"\u00c0 propos de l&#8217;Association\"}]},{\"@type\":\"WebSite\",\"@id\":\"https:\/\/lespremiersclaps.fr\/#website\",\"url\":\"https:\/\/lespremiersclaps.fr\/\",\"name\":\"Les Premiers Claps\",\"description\":\"\",\"publisher\":{\"@id\":\"https:\/\/lespremiersclaps.fr\/#organization\"},\"potentialAction\":[{\"@type\":\"SearchAction\",\"target\":{\"@type\":\"EntryPoint\",\"urlTemplate\":\"https:\/\/lespremiersclaps.fr\/?s={search_term_string}\"},\"query-input\":{\"@type\":\"PropertyValueSpecification\",\"valueRequired\":true,\"valueName\":\"search_term_string\"}}],\"inLanguage\":\"fr-FR\"},{\"@type\":\"Organization\",\"@id\":\"https:\/\/lespremiersclaps.fr\/#organization\",\"name\":\"Les Premiers Claps\",\"url\":\"https:\/\/lespremiersclaps.fr\/\",\"logo\":{\"@type\":\"ImageObject\",\"inLanguage\":\"fr-FR\",\"@id\":\"https:\/\/lespremiersclaps.fr\/#\/schema\/logo\/image\/\",\"url\":\"https:\/\/lespremiersclaps.fr\/wp-content\/uploads\/2025\/08\/Photo-Clap-1-scaled.jpg\",\"contentUrl\":\"https:\/\/lespremiersclaps.fr\/wp-content\/uploads\/2025\/08\/Photo-Clap-1-scaled.jpg\",\"width\":2560,\"height\":1440,\"caption\":\"Les Premiers Claps\"},\"image\":{\"@id\":\"https:\/\/lespremiersclaps.fr\/#\/schema\/logo\/image\/\"},\"sameAs\":[\"https:\/\/www.facebook.com\/profile.php?id=61577826105778\",\"https:\/\/www.instagram.com\/lespremiersclaps\"]}]}<\/script>\n<!-- \/ Yoast SEO plugin. -->","yoast_head_json":{"title":"\u00c0 propos de l'Association - LES PREMIERS CLAPS","robots":{"index":"index","follow":"follow","max-snippet":"max-snippet:-1","max-image-preview":"max-image-preview:large","max-video-preview":"max-video-preview:-1"},"canonical":"https:\/\/lespremiersclaps.fr\/?page_id=9","og_locale":"fr_FR","og_type":"article","og_title":"\u00c0 propos de l'Association - LES PREMIERS CLAPS","og_description":"L\u2019 Association&nbsp;Les Premiers Claps&nbsp;\u00e0 pour but de promouvoir, d\u00e9velopper, former et aider \u00e0 la production dans les domaines du cin\u00e9ma, de l\u2019audiovisuel et de la musique sur le d\u00e9partement de la Vienne. Nous proposons&nbsp;des stages&nbsp;tout au long de l&#8217;ann\u00e9e pour les amateurs et les professionnels. Vous pourrez vous former \u00e0 l&#8217;\u00e9criture de films, la r\u00e9alisation, [&hellip;]","og_url":"https:\/\/lespremiersclaps.fr\/?page_id=9","og_site_name":"LES PREMIERS CLAPS","article_publisher":"https:\/\/www.facebook.com\/profile.php?id=61577826105778","article_modified_time":"2025-08-29T12:54:59+00:00","og_image":[{"width":2560,"height":1706,"url":"https:\/\/lespremiersclaps.fr\/wp-content\/uploads\/2025\/07\/pexels-kyleloftusstudios-5488369-scaled.jpg","type":"image\/jpeg"}],"twitter_card":"summary_large_image","twitter_misc":{"Dur\u00e9e de lecture estim\u00e9e":"4 minutes"},"schema":{"@context":"https:\/\/schema.org","@graph":[{"@type":"WebPage","@id":"https:\/\/lespremiersclaps.fr\/?page_id=9","url":"https:\/\/lespremiersclaps.fr\/?page_id=9","name":"\u00c0 propos de l'Association - LES PREMIERS CLAPS","isPartOf":{"@id":"https:\/\/lespremiersclaps.fr\/#website"},"primaryImageOfPage":{"@id":"https:\/\/lespremiersclaps.fr\/?page_id=9#primaryimage"},"image":{"@id":"https:\/\/lespremiersclaps.fr\/?page_id=9#primaryimage"},"thumbnailUrl":"https:\/\/lespremiersclaps.fr\/wp-content\/uploads\/2025\/07\/pexels-kyleloftusstudios-5488369-scaled.jpg","datePublished":"2025-07-22T15:09:39+00:00","dateModified":"2025-08-29T12:54:59+00:00","breadcrumb":{"@id":"https:\/\/lespremiersclaps.fr\/?page_id=9#breadcrumb"},"inLanguage":"fr-FR","potentialAction":[{"@type":"ReadAction","target":["https:\/\/lespremiersclaps.fr\/?page_id=9"]}]},{"@type":"ImageObject","inLanguage":"fr-FR","@id":"https:\/\/lespremiersclaps.fr\/?page_id=9#primaryimage","url":"https:\/\/lespremiersclaps.fr\/wp-content\/uploads\/2025\/07\/pexels-kyleloftusstudios-5488369-scaled.jpg","contentUrl":"https:\/\/lespremiersclaps.fr\/wp-content\/uploads\/2025\/07\/pexels-kyleloftusstudios-5488369-scaled.jpg","width":2560,"height":1706},{"@type":"BreadcrumbList","@id":"https:\/\/lespremiersclaps.fr\/?page_id=9#breadcrumb","itemListElement":[{"@type":"ListItem","position":1,"name":"Accueil","item":"https:\/\/lespremiersclaps.fr\/"},{"@type":"ListItem","position":2,"name":"\u00c0 propos de l&#8217;Association"}]},{"@type":"WebSite","@id":"https:\/\/lespremiersclaps.fr\/#website","url":"https:\/\/lespremiersclaps.fr\/","name":"Les Premiers Claps","description":"","publisher":{"@id":"https:\/\/lespremiersclaps.fr\/#organization"},"potentialAction":[{"@type":"SearchAction","target":{"@type":"EntryPoint","urlTemplate":"https:\/\/lespremiersclaps.fr\/?s={search_term_string}"},"query-input":{"@type":"PropertyValueSpecification","valueRequired":true,"valueName":"search_term_string"}}],"inLanguage":"fr-FR"},{"@type":"Organization","@id":"https:\/\/lespremiersclaps.fr\/#organization","name":"Les Premiers Claps","url":"https:\/\/lespremiersclaps.fr\/","logo":{"@type":"ImageObject","inLanguage":"fr-FR","@id":"https:\/\/lespremiersclaps.fr\/#\/schema\/logo\/image\/","url":"https:\/\/lespremiersclaps.fr\/wp-content\/uploads\/2025\/08\/Photo-Clap-1-scaled.jpg","contentUrl":"https:\/\/lespremiersclaps.fr\/wp-content\/uploads\/2025\/08\/Photo-Clap-1-scaled.jpg","width":2560,"height":1440,"caption":"Les Premiers Claps"},"image":{"@id":"https:\/\/lespremiersclaps.fr\/#\/schema\/logo\/image\/"},"sameAs":["https:\/\/www.facebook.com\/profile.php?id=61577826105778","https:\/\/www.instagram.com\/lespremiersclaps"]}]}},"_links":{"self":[{"href":"https:\/\/lespremiersclaps.fr\/index.php?rest_route=\/wp\/v2\/pages\/9","targetHints":{"allow":["GET"]}}],"collection":[{"href":"https:\/\/lespremiersclaps.fr\/index.php?rest_route=\/wp\/v2\/pages"}],"about":[{"href":"https:\/\/lespremiersclaps.fr\/index.php?rest_route=\/wp\/v2\/types\/page"}],"author":[{"embeddable":true,"href":"https:\/\/lespremiersclaps.fr\/index.php?rest_route=\/wp\/v2\/users\/1"}],"replies":[{"embeddable":true,"href":"https:\/\/lespremiersclaps.fr\/index.php?rest_route=%2Fwp%2Fv2%2Fcomments&post=9"}],"version-history":[{"count":51,"href":"https:\/\/lespremiersclaps.fr\/index.php?rest_route=\/wp\/v2\/pages\/9\/revisions"}],"predecessor-version":[{"id":953,"href":"https:\/\/lespremiersclaps.fr\/index.php?rest_route=\/wp\/v2\/pages\/9\/revisions\/953"}],"wp:featuredmedia":[{"embeddable":true,"href":"https:\/\/lespremiersclaps.fr\/index.php?rest_route=\/wp\/v2\/media\/50"}],"wp:attachment":[{"href":"https:\/\/lespremiersclaps.fr\/index.php?rest_route=%2Fwp%2Fv2%2Fmedia&parent=9"}],"curies":[{"name":"wp","href":"https:\/\/api.w.org\/{rel}","templated":true}]}}