{"id":124,"date":"2025-08-11T10:40:00","date_gmt":"2025-08-11T08:40:00","guid":{"rendered":"https:\/\/lespremiersclaps.fr\/?page_id=124"},"modified":"2025-09-01T14:33:30","modified_gmt":"2025-09-01T12:33:30","slug":"adhesion","status":"publish","type":"page","link":"https:\/\/lespremiersclaps.fr\/?page_id=124","title":{"rendered":"Adh\u00e9sion"},"content":{"rendered":"\n<p><mark style=\"background-color:rgba(0, 0, 0, 0)\" class=\"has-inline-color has-luminous-vivid-orange-color\"><strong><strong>Rejoignez Les Premiers Claps en devenant adh\u00e9rent !<\/strong><\/strong><\/mark><\/p>\n\n\n\n<p>En adh\u00e9rant \u00e0 notre association (loi 1901), vous soutenez activement nos actions en faveur de l\u2019initiation, de la formation et de la cr\u00e9ation dans les domaines de l\u2019audiovisuel, de la musique et du cin\u00e9ma.<\/p>\n\n\n\n<p><strong><mark style=\"background-color:rgba(0, 0, 0, 0)\" class=\"has-inline-color has-luminous-vivid-orange-color\">Adh\u00e9sion Solidaire<\/mark><\/strong><\/p>\n\n\n\n<p>En choisissant l&#8217;adh\u00e9sion annuelle solidaire de 80 Euros, en plus de devenir adh\u00e9rent et de donner un gros coup de pouce \u00e0 l&#8217;association, celle-ci vous donne acc\u00e8s \u00e0 1 journ\u00e9e de Masterclass offerte par an, parmi celles organis\u00e9es par Les Premiers Claps.<\/p>\n\n\n\n<p>En tant que membre, vous devenez un acteur essentiel de notre projet associatif et profitez de plusieurs avantages :<br>&#8211; journ\u00e9e offerte pour une Masterclass lors de votre cotisation<br>&#8211; participation prioritaire aux stages, formations et Masterclass,<br>&#8211; possibilit\u00e9 de vous impliquer dans la vie de l\u2019association (r\u00e9unions, projets, etc.).<\/p>\n\n\n\n<p class=\"has-kubio-color-5-color has-text-color has-link-color wp-elements-bf6713abbf44a148c7b0fea32ba04a0b\">&#8230;<\/p>\n\n\n","protected":false},"excerpt":{"rendered":"<p>Rejoignez Les Premiers Claps en devenant adh\u00e9rent ! En adh\u00e9rant \u00e0 notre association (loi 1901), vous soutenez activement nos actions en faveur de l\u2019initiation, de la formation et de la cr\u00e9ation dans les domaines de l\u2019audiovisuel, de la musique et du cin\u00e9ma. Adh\u00e9sion Solidaire En choisissant l&#8217;adh\u00e9sion annuelle solidaire de 80 Euros, en plus de [&hellip;]<\/p>\n","protected":false},"author":1,"featured_media":0,"parent":0,"menu_order":0,"comment_status":"closed","ping_status":"closed","template":"","meta":{"_acf_changed":false,"saved_in_kubio":true,"footnotes":""},"class_list":["post-124","page","type-page","status-publish","hentry"],"acf":[],"kubio_ai_page_context":{"short_desc":"","purpose":"general"},"yoast_head":"<!-- This site is optimized with the Yoast SEO plugin v26.1 - https:\/\/yoast.com\/wordpress\/plugins\/seo\/ -->\n<title>Adh\u00e9sion - LES PREMIERS CLAPS<\/title>\n<meta name=\"robots\" content=\"index, follow, max-snippet:-1, max-image-preview:large, max-video-preview:-1\" \/>\n<link rel=\"canonical\" href=\"https:\/\/lespremiersclaps.fr\/?page_id=124\" \/>\n<meta property=\"og:locale\" content=\"fr_FR\" \/>\n<meta property=\"og:type\" content=\"article\" \/>\n<meta property=\"og:title\" content=\"Adh\u00e9sion - LES PREMIERS CLAPS\" \/>\n<meta property=\"og:description\" content=\"Rejoignez Les Premiers Claps en devenant adh\u00e9rent ! En adh\u00e9rant \u00e0 notre association (loi 1901), vous soutenez activement nos actions en faveur de l\u2019initiation, de la formation et de la cr\u00e9ation dans les domaines de l\u2019audiovisuel, de la musique et du cin\u00e9ma. Adh\u00e9sion Solidaire En choisissant l&#8217;adh\u00e9sion annuelle solidaire de 80 Euros, en plus de [&hellip;]\" \/>\n<meta property=\"og:url\" content=\"https:\/\/lespremiersclaps.fr\/?page_id=124\" \/>\n<meta property=\"og:site_name\" content=\"LES PREMIERS CLAPS\" \/>\n<meta property=\"article:publisher\" content=\"https:\/\/www.facebook.com\/profile.php?id=61577826105778\" \/>\n<meta property=\"article:modified_time\" content=\"2025-09-01T12:33:30+00:00\" \/>\n<meta name=\"twitter:card\" content=\"summary_large_image\" \/>\n<meta name=\"twitter:label1\" content=\"Dur\u00e9e de lecture estim\u00e9e\" \/>\n\t<meta name=\"twitter:data1\" content=\"1 minute\" \/>\n<script type=\"application\/ld+json\" class=\"yoast-schema-graph\">{\"@context\":\"https:\/\/schema.org\",\"@graph\":[{\"@type\":\"WebPage\",\"@id\":\"https:\/\/lespremiersclaps.fr\/?page_id=124\",\"url\":\"https:\/\/lespremiersclaps.fr\/?page_id=124\",\"name\":\"Adh\u00e9sion - LES PREMIERS CLAPS\",\"isPartOf\":{\"@id\":\"https:\/\/lespremiersclaps.fr\/#website\"},\"datePublished\":\"2025-08-11T08:40:00+00:00\",\"dateModified\":\"2025-09-01T12:33:30+00:00\",\"breadcrumb\":{\"@id\":\"https:\/\/lespremiersclaps.fr\/?page_id=124#breadcrumb\"},\"inLanguage\":\"fr-FR\",\"potentialAction\":[{\"@type\":\"ReadAction\",\"target\":[\"https:\/\/lespremiersclaps.fr\/?page_id=124\"]}]},{\"@type\":\"BreadcrumbList\",\"@id\":\"https:\/\/lespremiersclaps.fr\/?page_id=124#breadcrumb\",\"itemListElement\":[{\"@type\":\"ListItem\",\"position\":1,\"name\":\"Accueil\",\"item\":\"https:\/\/lespremiersclaps.fr\/\"},{\"@type\":\"ListItem\",\"position\":2,\"name\":\"Adh\u00e9sion\"}]},{\"@type\":\"WebSite\",\"@id\":\"https:\/\/lespremiersclaps.fr\/#website\",\"url\":\"https:\/\/lespremiersclaps.fr\/\",\"name\":\"Les Premiers Claps\",\"description\":\"\",\"publisher\":{\"@id\":\"https:\/\/lespremiersclaps.fr\/#organization\"},\"potentialAction\":[{\"@type\":\"SearchAction\",\"target\":{\"@type\":\"EntryPoint\",\"urlTemplate\":\"https:\/\/lespremiersclaps.fr\/?s={search_term_string}\"},\"query-input\":{\"@type\":\"PropertyValueSpecification\",\"valueRequired\":true,\"valueName\":\"search_term_string\"}}],\"inLanguage\":\"fr-FR\"},{\"@type\":\"Organization\",\"@id\":\"https:\/\/lespremiersclaps.fr\/#organization\",\"name\":\"Les Premiers Claps\",\"url\":\"https:\/\/lespremiersclaps.fr\/\",\"logo\":{\"@type\":\"ImageObject\",\"inLanguage\":\"fr-FR\",\"@id\":\"https:\/\/lespremiersclaps.fr\/#\/schema\/logo\/image\/\",\"url\":\"https:\/\/lespremiersclaps.fr\/wp-content\/uploads\/2025\/08\/Photo-Clap-1-scaled.jpg\",\"contentUrl\":\"https:\/\/lespremiersclaps.fr\/wp-content\/uploads\/2025\/08\/Photo-Clap-1-scaled.jpg\",\"width\":2560,\"height\":1440,\"caption\":\"Les Premiers Claps\"},\"image\":{\"@id\":\"https:\/\/lespremiersclaps.fr\/#\/schema\/logo\/image\/\"},\"sameAs\":[\"https:\/\/www.facebook.com\/profile.php?id=61577826105778\",\"https:\/\/www.instagram.com\/lespremiersclaps\"]}]}<\/script>\n<!-- \/ Yoast SEO plugin. -->","yoast_head_json":{"title":"Adh\u00e9sion - LES PREMIERS CLAPS","robots":{"index":"index","follow":"follow","max-snippet":"max-snippet:-1","max-image-preview":"max-image-preview:large","max-video-preview":"max-video-preview:-1"},"canonical":"https:\/\/lespremiersclaps.fr\/?page_id=124","og_locale":"fr_FR","og_type":"article","og_title":"Adh\u00e9sion - LES PREMIERS CLAPS","og_description":"Rejoignez Les Premiers Claps en devenant adh\u00e9rent ! En adh\u00e9rant \u00e0 notre association (loi 1901), vous soutenez activement nos actions en faveur de l\u2019initiation, de la formation et de la cr\u00e9ation dans les domaines de l\u2019audiovisuel, de la musique et du cin\u00e9ma. Adh\u00e9sion Solidaire En choisissant l&#8217;adh\u00e9sion annuelle solidaire de 80 Euros, en plus de [&hellip;]","og_url":"https:\/\/lespremiersclaps.fr\/?page_id=124","og_site_name":"LES PREMIERS CLAPS","article_publisher":"https:\/\/www.facebook.com\/profile.php?id=61577826105778","article_modified_time":"2025-09-01T12:33:30+00:00","twitter_card":"summary_large_image","twitter_misc":{"Dur\u00e9e de lecture estim\u00e9e":"1 minute"},"schema":{"@context":"https:\/\/schema.org","@graph":[{"@type":"WebPage","@id":"https:\/\/lespremiersclaps.fr\/?page_id=124","url":"https:\/\/lespremiersclaps.fr\/?page_id=124","name":"Adh\u00e9sion - LES PREMIERS CLAPS","isPartOf":{"@id":"https:\/\/lespremiersclaps.fr\/#website"},"datePublished":"2025-08-11T08:40:00+00:00","dateModified":"2025-09-01T12:33:30+00:00","breadcrumb":{"@id":"https:\/\/lespremiersclaps.fr\/?page_id=124#breadcrumb"},"inLanguage":"fr-FR","potentialAction":[{"@type":"ReadAction","target":["https:\/\/lespremiersclaps.fr\/?page_id=124"]}]},{"@type":"BreadcrumbList","@id":"https:\/\/lespremiersclaps.fr\/?page_id=124#breadcrumb","itemListElement":[{"@type":"ListItem","position":1,"name":"Accueil","item":"https:\/\/lespremiersclaps.fr\/"},{"@type":"ListItem","position":2,"name":"Adh\u00e9sion"}]},{"@type":"WebSite","@id":"https:\/\/lespremiersclaps.fr\/#website","url":"https:\/\/lespremiersclaps.fr\/","name":"Les Premiers Claps","description":"","publisher":{"@id":"https:\/\/lespremiersclaps.fr\/#organization"},"potentialAction":[{"@type":"SearchAction","target":{"@type":"EntryPoint","urlTemplate":"https:\/\/lespremiersclaps.fr\/?s={search_term_string}"},"query-input":{"@type":"PropertyValueSpecification","valueRequired":true,"valueName":"search_term_string"}}],"inLanguage":"fr-FR"},{"@type":"Organization","@id":"https:\/\/lespremiersclaps.fr\/#organization","name":"Les Premiers Claps","url":"https:\/\/lespremiersclaps.fr\/","logo":{"@type":"ImageObject","inLanguage":"fr-FR","@id":"https:\/\/lespremiersclaps.fr\/#\/schema\/logo\/image\/","url":"https:\/\/lespremiersclaps.fr\/wp-content\/uploads\/2025\/08\/Photo-Clap-1-scaled.jpg","contentUrl":"https:\/\/lespremiersclaps.fr\/wp-content\/uploads\/2025\/08\/Photo-Clap-1-scaled.jpg","width":2560,"height":1440,"caption":"Les Premiers Claps"},"image":{"@id":"https:\/\/lespremiersclaps.fr\/#\/schema\/logo\/image\/"},"sameAs":["https:\/\/www.facebook.com\/profile.php?id=61577826105778","https:\/\/www.instagram.com\/lespremiersclaps"]}]}},"_links":{"self":[{"href":"https:\/\/lespremiersclaps.fr\/index.php?rest_route=\/wp\/v2\/pages\/124","targetHints":{"allow":["GET"]}}],"collection":[{"href":"https:\/\/lespremiersclaps.fr\/index.php?rest_route=\/wp\/v2\/pages"}],"about":[{"href":"https:\/\/lespremiersclaps.fr\/index.php?rest_route=\/wp\/v2\/types\/page"}],"author":[{"embeddable":true,"href":"https:\/\/lespremiersclaps.fr\/index.php?rest_route=\/wp\/v2\/users\/1"}],"replies":[{"embeddable":true,"href":"https:\/\/lespremiersclaps.fr\/index.php?rest_route=%2Fwp%2Fv2%2Fcomments&post=124"}],"version-history":[{"count":8,"href":"https:\/\/lespremiersclaps.fr\/index.php?rest_route=\/wp\/v2\/pages\/124\/revisions"}],"predecessor-version":[{"id":921,"href":"https:\/\/lespremiersclaps.fr\/index.php?rest_route=\/wp\/v2\/pages\/124\/revisions\/921"}],"wp:attachment":[{"href":"https:\/\/lespremiersclaps.fr\/index.php?rest_route=%2Fwp%2Fv2%2Fmedia&parent=124"}],"curies":[{"name":"wp","href":"https:\/\/api.w.org\/{rel}","templated":true}]}}