{"id":109,"date":"2025-08-05T16:15:04","date_gmt":"2025-08-05T14:15:04","guid":{"rendered":"https:\/\/lespremiersclaps.fr\/?page_id=109"},"modified":"2025-08-29T16:12:46","modified_gmt":"2025-08-29T14:12:46","slug":"bureau-daccueil-des-tournages","status":"publish","type":"page","link":"https:\/\/lespremiersclaps.fr\/?page_id=109","title":{"rendered":"Bureau d&#8217;accueil des tournages"},"content":{"rendered":"\t\t<div data-elementor-type=\"wp-page\" data-elementor-id=\"109\" class=\"elementor elementor-109\" data-elementor-post-type=\"page\">\n\t\t\t\t<div class=\"elementor-element elementor-element-9be5f27 e-con-full e-flex e-con e-parent\" data-id=\"9be5f27\" data-element_type=\"container\">\n\t\t<div class=\"elementor-element elementor-element-0461d2b e-con-full e-flex e-con e-child\" data-id=\"0461d2b\" data-element_type=\"container\">\n\t\t\t\t<div class=\"elementor-element elementor-element-d35eee8 elementor-fixed elementor-widget elementor-widget-image\" data-id=\"d35eee8\" data-element_type=\"widget\" data-settings=\"{&quot;_position&quot;:&quot;fixed&quot;}\" data-widget_type=\"image.default\">\n\t\t\t\t\t\t\t\t\t\t\t\t\t\t\t<img fetchpriority=\"high\" decoding=\"async\" width=\"683\" height=\"1024\" src=\"https:\/\/lespremiersclaps.fr\/wp-content\/uploads\/2025\/08\/pexels-ron-lach-8088387-683x1024.jpg\" class=\"attachment-large size-large wp-image-790\" alt=\"\" srcset=\"https:\/\/lespremiersclaps.fr\/wp-content\/uploads\/2025\/08\/pexels-ron-lach-8088387-683x1024.jpg 683w, https:\/\/lespremiersclaps.fr\/wp-content\/uploads\/2025\/08\/pexels-ron-lach-8088387-200x300.jpg 200w, https:\/\/lespremiersclaps.fr\/wp-content\/uploads\/2025\/08\/pexels-ron-lach-8088387-768x1152.jpg 768w, https:\/\/lespremiersclaps.fr\/wp-content\/uploads\/2025\/08\/pexels-ron-lach-8088387-1024x1536.jpg 1024w, https:\/\/lespremiersclaps.fr\/wp-content\/uploads\/2025\/08\/pexels-ron-lach-8088387-1365x2048.jpg 1365w, https:\/\/lespremiersclaps.fr\/wp-content\/uploads\/2025\/08\/pexels-ron-lach-8088387-720x1080.jpg 720w, https:\/\/lespremiersclaps.fr\/wp-content\/uploads\/2025\/08\/pexels-ron-lach-8088387-scaled.jpg 1707w\" sizes=\"(max-width: 683px) 100vw, 683px\" \/>\t\t\t\t\t\t\t\t\t\t\t\t\t\t\t<\/div>\n\t\t\t\t<\/div>\n\t\t<div class=\"elementor-element elementor-element-a923bad e-con-full e-flex e-con e-child\" data-id=\"a923bad\" data-element_type=\"container\">\n\t\t\t\t<div class=\"elementor-element elementor-element-e9ade3f elementor-widget elementor-widget-text-editor\" data-id=\"e9ade3f\" data-element_type=\"widget\" data-widget_type=\"text-editor.default\">\n\t\t\t\t\t\t\t\t\t<p style=\"margin: clamp(1rem, 0.5em, 2.5rem) auto clamp(1rem, 0.25em, 2rem); max-width: unset; color: rgba(23, 30, 37, 0.8);\">\u00c0 destination des producteurs, producteurs ex\u00e9cutifs, \u00e9quipes de production, dir. de prod., assistant.e.s de prod, r\u00e9gisseur.eusse.s, etc.<\/p>\n<p style=\"margin: clamp(1rem, 0.5em, 2.5rem) auto clamp(1rem, 0.25em, 2rem); max-width: unset; color: rgba(23, 30, 37, 0.8);\"><strong style=\"text-align: var(--text-align);\"><mark class=\"has-inline-color has-luminous-vivid-orange-color\" style=\"background-color: rgba(0, 0, 0, 0);\">Bas\u00e9e sur Poitiers<\/mark><\/strong><span style=\"text-align: var(--text-align);\">, notre \u00e9quipe vous accompagne dans toutes les d\u00e9marches administratives et techniques, dans la&nbsp;<\/span><strong style=\"text-align: var(--text-align);\"><mark class=\"has-inline-color has-luminous-vivid-orange-color\" style=\"background-color: rgba(0, 0, 0, 0);\">location de mat\u00e9riels cin\u00e9ma, vid\u00e9o et audio<\/mark><\/strong><span style=\"text-align: var(--text-align);\">, la prise de son, les castings, la post-production, la synchro, les voix-off, le d\u00e9rushage, les rep\u00e9rages de lieux de tournage, la logistique, le catering, l&#8217;h\u00e9bergement, etc., et peut mettre \u00e0 disposition des studios d&#8217;enregistrement avec cabine speak et mat\u00e9riel de qualit\u00e9.<\/span><\/p>\n<p style=\"margin: clamp(1rem, 0.5em, 2.5rem) auto clamp(1rem, 0.25em, 2rem); max-width: unset; color: rgba(23, 30, 37, 0.8);\"><strong><mark class=\"has-inline-color has-luminous-vivid-orange-color\" style=\"background-color: rgba(0, 0, 0, 0);\">Mise en relation avec les professionnels locaux, \u00e9quipes techniques, figurant.e.s, scriptes, intermittent.e.s etc.<\/mark><\/strong><\/p>\n<p style=\"margin: clamp(1rem, 0.5em, 2.5rem) auto 0px; max-width: unset; color: rgba(23, 30, 37, 0.8);\"><strong><mark class=\"has-inline-color has-luminous-vivid-orange-color\" style=\"background-color: rgba(0, 0, 0, 0);\">Contactez-nous afin de travailler ensemble sur vos besoins, urgents ou non !<\/mark><\/strong><\/p>\t\t\t\t\t\t\t\t<\/div>\n\t\t\t\t<\/div>\n\t\t\t\t<\/div>\n\t\t\t\t<\/div>\n\t\t","protected":false},"excerpt":{"rendered":"<p>\u00c0 destination des producteurs, producteurs ex\u00e9cutifs, \u00e9quipes de production, dir. de prod., assistant.e.s de prod, r\u00e9gisseur.eusse.s, etc. Bas\u00e9e sur Poitiers, notre \u00e9quipe vous accompagne dans toutes les d\u00e9marches administratives et techniques, dans la&nbsp;location de mat\u00e9riels cin\u00e9ma, vid\u00e9o et audio, la prise de son, les castings, la post-production, la synchro, les voix-off, le d\u00e9rushage, les rep\u00e9rages [&hellip;]<\/p>\n","protected":false},"author":1,"featured_media":0,"parent":0,"menu_order":0,"comment_status":"closed","ping_status":"closed","template":"","meta":{"_acf_changed":false,"saved_in_kubio":false,"footnotes":""},"class_list":["post-109","page","type-page","status-publish","hentry"],"acf":[],"kubio_ai_page_context":{"short_desc":"","purpose":"general"},"yoast_head":"<!-- This site is optimized with the Yoast SEO plugin v26.1 - https:\/\/yoast.com\/wordpress\/plugins\/seo\/ -->\n<title>Bureau d&#039;accueil des tournages - LES PREMIERS CLAPS<\/title>\n<meta name=\"robots\" content=\"index, follow, max-snippet:-1, max-image-preview:large, max-video-preview:-1\" \/>\n<link rel=\"canonical\" href=\"https:\/\/lespremiersclaps.fr\/?page_id=109\" \/>\n<meta property=\"og:locale\" content=\"fr_FR\" \/>\n<meta property=\"og:type\" content=\"article\" \/>\n<meta property=\"og:title\" content=\"Bureau d&#039;accueil des tournages - LES PREMIERS CLAPS\" \/>\n<meta property=\"og:description\" content=\"\u00c0 destination des producteurs, producteurs ex\u00e9cutifs, \u00e9quipes de production, dir. de prod., assistant.e.s de prod, r\u00e9gisseur.eusse.s, etc. Bas\u00e9e sur Poitiers, notre \u00e9quipe vous accompagne dans toutes les d\u00e9marches administratives et techniques, dans la&nbsp;location de mat\u00e9riels cin\u00e9ma, vid\u00e9o et audio, la prise de son, les castings, la post-production, la synchro, les voix-off, le d\u00e9rushage, les rep\u00e9rages [&hellip;]\" \/>\n<meta property=\"og:url\" content=\"https:\/\/lespremiersclaps.fr\/?page_id=109\" \/>\n<meta property=\"og:site_name\" content=\"LES PREMIERS CLAPS\" \/>\n<meta property=\"article:publisher\" content=\"https:\/\/www.facebook.com\/profile.php?id=61577826105778\" \/>\n<meta property=\"article:modified_time\" content=\"2025-08-29T14:12:46+00:00\" \/>\n<meta property=\"og:image\" content=\"https:\/\/lespremiersclaps.fr\/wp-content\/uploads\/2025\/08\/pexels-ron-lach-8088387-scaled.jpg\" \/>\n\t<meta property=\"og:image:width\" content=\"1707\" \/>\n\t<meta property=\"og:image:height\" content=\"2560\" \/>\n\t<meta property=\"og:image:type\" content=\"image\/jpeg\" \/>\n<meta name=\"twitter:card\" content=\"summary_large_image\" \/>\n<meta name=\"twitter:label1\" content=\"Dur\u00e9e de lecture estim\u00e9e\" \/>\n\t<meta name=\"twitter:data1\" content=\"1 minute\" \/>\n<script type=\"application\/ld+json\" class=\"yoast-schema-graph\">{\"@context\":\"https:\/\/schema.org\",\"@graph\":[{\"@type\":\"WebPage\",\"@id\":\"https:\/\/lespremiersclaps.fr\/?page_id=109\",\"url\":\"https:\/\/lespremiersclaps.fr\/?page_id=109\",\"name\":\"Bureau d'accueil des tournages - LES PREMIERS CLAPS\",\"isPartOf\":{\"@id\":\"https:\/\/lespremiersclaps.fr\/#website\"},\"primaryImageOfPage\":{\"@id\":\"https:\/\/lespremiersclaps.fr\/?page_id=109#primaryimage\"},\"image\":{\"@id\":\"https:\/\/lespremiersclaps.fr\/?page_id=109#primaryimage\"},\"thumbnailUrl\":\"https:\/\/lespremiersclaps.fr\/wp-content\/uploads\/2025\/08\/pexels-ron-lach-8088387-683x1024.jpg\",\"datePublished\":\"2025-08-05T14:15:04+00:00\",\"dateModified\":\"2025-08-29T14:12:46+00:00\",\"breadcrumb\":{\"@id\":\"https:\/\/lespremiersclaps.fr\/?page_id=109#breadcrumb\"},\"inLanguage\":\"fr-FR\",\"potentialAction\":[{\"@type\":\"ReadAction\",\"target\":[\"https:\/\/lespremiersclaps.fr\/?page_id=109\"]}]},{\"@type\":\"ImageObject\",\"inLanguage\":\"fr-FR\",\"@id\":\"https:\/\/lespremiersclaps.fr\/?page_id=109#primaryimage\",\"url\":\"https:\/\/lespremiersclaps.fr\/wp-content\/uploads\/2025\/08\/pexels-ron-lach-8088387-scaled.jpg\",\"contentUrl\":\"https:\/\/lespremiersclaps.fr\/wp-content\/uploads\/2025\/08\/pexels-ron-lach-8088387-scaled.jpg\",\"width\":1707,\"height\":2560},{\"@type\":\"BreadcrumbList\",\"@id\":\"https:\/\/lespremiersclaps.fr\/?page_id=109#breadcrumb\",\"itemListElement\":[{\"@type\":\"ListItem\",\"position\":1,\"name\":\"Accueil\",\"item\":\"https:\/\/lespremiersclaps.fr\/\"},{\"@type\":\"ListItem\",\"position\":2,\"name\":\"Bureau d&#8217;accueil des tournages\"}]},{\"@type\":\"WebSite\",\"@id\":\"https:\/\/lespremiersclaps.fr\/#website\",\"url\":\"https:\/\/lespremiersclaps.fr\/\",\"name\":\"Les Premiers Claps\",\"description\":\"\",\"publisher\":{\"@id\":\"https:\/\/lespremiersclaps.fr\/#organization\"},\"potentialAction\":[{\"@type\":\"SearchAction\",\"target\":{\"@type\":\"EntryPoint\",\"urlTemplate\":\"https:\/\/lespremiersclaps.fr\/?s={search_term_string}\"},\"query-input\":{\"@type\":\"PropertyValueSpecification\",\"valueRequired\":true,\"valueName\":\"search_term_string\"}}],\"inLanguage\":\"fr-FR\"},{\"@type\":\"Organization\",\"@id\":\"https:\/\/lespremiersclaps.fr\/#organization\",\"name\":\"Les Premiers Claps\",\"url\":\"https:\/\/lespremiersclaps.fr\/\",\"logo\":{\"@type\":\"ImageObject\",\"inLanguage\":\"fr-FR\",\"@id\":\"https:\/\/lespremiersclaps.fr\/#\/schema\/logo\/image\/\",\"url\":\"https:\/\/lespremiersclaps.fr\/wp-content\/uploads\/2025\/08\/Photo-Clap-1-scaled.jpg\",\"contentUrl\":\"https:\/\/lespremiersclaps.fr\/wp-content\/uploads\/2025\/08\/Photo-Clap-1-scaled.jpg\",\"width\":2560,\"height\":1440,\"caption\":\"Les Premiers Claps\"},\"image\":{\"@id\":\"https:\/\/lespremiersclaps.fr\/#\/schema\/logo\/image\/\"},\"sameAs\":[\"https:\/\/www.facebook.com\/profile.php?id=61577826105778\",\"https:\/\/www.instagram.com\/lespremiersclaps\"]}]}<\/script>\n<!-- \/ Yoast SEO plugin. -->","yoast_head_json":{"title":"Bureau d'accueil des tournages - LES PREMIERS CLAPS","robots":{"index":"index","follow":"follow","max-snippet":"max-snippet:-1","max-image-preview":"max-image-preview:large","max-video-preview":"max-video-preview:-1"},"canonical":"https:\/\/lespremiersclaps.fr\/?page_id=109","og_locale":"fr_FR","og_type":"article","og_title":"Bureau d'accueil des tournages - LES PREMIERS CLAPS","og_description":"\u00c0 destination des producteurs, producteurs ex\u00e9cutifs, \u00e9quipes de production, dir. de prod., assistant.e.s de prod, r\u00e9gisseur.eusse.s, etc. Bas\u00e9e sur Poitiers, notre \u00e9quipe vous accompagne dans toutes les d\u00e9marches administratives et techniques, dans la&nbsp;location de mat\u00e9riels cin\u00e9ma, vid\u00e9o et audio, la prise de son, les castings, la post-production, la synchro, les voix-off, le d\u00e9rushage, les rep\u00e9rages [&hellip;]","og_url":"https:\/\/lespremiersclaps.fr\/?page_id=109","og_site_name":"LES PREMIERS CLAPS","article_publisher":"https:\/\/www.facebook.com\/profile.php?id=61577826105778","article_modified_time":"2025-08-29T14:12:46+00:00","og_image":[{"width":1707,"height":2560,"url":"https:\/\/lespremiersclaps.fr\/wp-content\/uploads\/2025\/08\/pexels-ron-lach-8088387-scaled.jpg","type":"image\/jpeg"}],"twitter_card":"summary_large_image","twitter_misc":{"Dur\u00e9e de lecture estim\u00e9e":"1 minute"},"schema":{"@context":"https:\/\/schema.org","@graph":[{"@type":"WebPage","@id":"https:\/\/lespremiersclaps.fr\/?page_id=109","url":"https:\/\/lespremiersclaps.fr\/?page_id=109","name":"Bureau d'accueil des tournages - LES PREMIERS CLAPS","isPartOf":{"@id":"https:\/\/lespremiersclaps.fr\/#website"},"primaryImageOfPage":{"@id":"https:\/\/lespremiersclaps.fr\/?page_id=109#primaryimage"},"image":{"@id":"https:\/\/lespremiersclaps.fr\/?page_id=109#primaryimage"},"thumbnailUrl":"https:\/\/lespremiersclaps.fr\/wp-content\/uploads\/2025\/08\/pexels-ron-lach-8088387-683x1024.jpg","datePublished":"2025-08-05T14:15:04+00:00","dateModified":"2025-08-29T14:12:46+00:00","breadcrumb":{"@id":"https:\/\/lespremiersclaps.fr\/?page_id=109#breadcrumb"},"inLanguage":"fr-FR","potentialAction":[{"@type":"ReadAction","target":["https:\/\/lespremiersclaps.fr\/?page_id=109"]}]},{"@type":"ImageObject","inLanguage":"fr-FR","@id":"https:\/\/lespremiersclaps.fr\/?page_id=109#primaryimage","url":"https:\/\/lespremiersclaps.fr\/wp-content\/uploads\/2025\/08\/pexels-ron-lach-8088387-scaled.jpg","contentUrl":"https:\/\/lespremiersclaps.fr\/wp-content\/uploads\/2025\/08\/pexels-ron-lach-8088387-scaled.jpg","width":1707,"height":2560},{"@type":"BreadcrumbList","@id":"https:\/\/lespremiersclaps.fr\/?page_id=109#breadcrumb","itemListElement":[{"@type":"ListItem","position":1,"name":"Accueil","item":"https:\/\/lespremiersclaps.fr\/"},{"@type":"ListItem","position":2,"name":"Bureau d&#8217;accueil des tournages"}]},{"@type":"WebSite","@id":"https:\/\/lespremiersclaps.fr\/#website","url":"https:\/\/lespremiersclaps.fr\/","name":"Les Premiers Claps","description":"","publisher":{"@id":"https:\/\/lespremiersclaps.fr\/#organization"},"potentialAction":[{"@type":"SearchAction","target":{"@type":"EntryPoint","urlTemplate":"https:\/\/lespremiersclaps.fr\/?s={search_term_string}"},"query-input":{"@type":"PropertyValueSpecification","valueRequired":true,"valueName":"search_term_string"}}],"inLanguage":"fr-FR"},{"@type":"Organization","@id":"https:\/\/lespremiersclaps.fr\/#organization","name":"Les Premiers Claps","url":"https:\/\/lespremiersclaps.fr\/","logo":{"@type":"ImageObject","inLanguage":"fr-FR","@id":"https:\/\/lespremiersclaps.fr\/#\/schema\/logo\/image\/","url":"https:\/\/lespremiersclaps.fr\/wp-content\/uploads\/2025\/08\/Photo-Clap-1-scaled.jpg","contentUrl":"https:\/\/lespremiersclaps.fr\/wp-content\/uploads\/2025\/08\/Photo-Clap-1-scaled.jpg","width":2560,"height":1440,"caption":"Les Premiers Claps"},"image":{"@id":"https:\/\/lespremiersclaps.fr\/#\/schema\/logo\/image\/"},"sameAs":["https:\/\/www.facebook.com\/profile.php?id=61577826105778","https:\/\/www.instagram.com\/lespremiersclaps"]}]}},"_links":{"self":[{"href":"https:\/\/lespremiersclaps.fr\/index.php?rest_route=\/wp\/v2\/pages\/109","targetHints":{"allow":["GET"]}}],"collection":[{"href":"https:\/\/lespremiersclaps.fr\/index.php?rest_route=\/wp\/v2\/pages"}],"about":[{"href":"https:\/\/lespremiersclaps.fr\/index.php?rest_route=\/wp\/v2\/types\/page"}],"author":[{"embeddable":true,"href":"https:\/\/lespremiersclaps.fr\/index.php?rest_route=\/wp\/v2\/users\/1"}],"replies":[{"embeddable":true,"href":"https:\/\/lespremiersclaps.fr\/index.php?rest_route=%2Fwp%2Fv2%2Fcomments&post=109"}],"version-history":[{"count":11,"href":"https:\/\/lespremiersclaps.fr\/index.php?rest_route=\/wp\/v2\/pages\/109\/revisions"}],"predecessor-version":[{"id":848,"href":"https:\/\/lespremiersclaps.fr\/index.php?rest_route=\/wp\/v2\/pages\/109\/revisions\/848"}],"wp:attachment":[{"href":"https:\/\/lespremiersclaps.fr\/index.php?rest_route=%2Fwp%2Fv2%2Fmedia&parent=109"}],"curies":[{"name":"wp","href":"https:\/\/api.w.org\/{rel}","templated":true}]}}