{"id":102,"date":"2025-08-05T15:37:56","date_gmt":"2025-08-05T13:37:56","guid":{"rendered":"https:\/\/lespremiersclaps.fr\/?page_id=102"},"modified":"2026-03-11T19:36:58","modified_gmt":"2026-03-11T18:36:58","slug":"masterclass","status":"publish","type":"page","link":"https:\/\/lespremiersclaps.fr\/?page_id=102","title":{"rendered":"Masterclass"},"content":{"rendered":"\t\t<div data-elementor-type=\"wp-page\" data-elementor-id=\"102\" class=\"elementor elementor-102\" data-elementor-post-type=\"page\">\n\t\t\t\t<div class=\"elementor-element elementor-element-1f10795 e-flex e-con-boxed e-con e-parent\" data-id=\"1f10795\" data-element_type=\"container\">\n\t\t\t\t\t<div class=\"e-con-inner\">\n\t\t\t\t<div class=\"elementor-element elementor-element-54dde37 elementor-widget elementor-widget-image\" data-id=\"54dde37\" data-element_type=\"widget\" id=\"contact-acting\" data-widget_type=\"image.default\">\n\t\t\t\t\t\t\t\t\t\t\t\t\t\t\t<img fetchpriority=\"high\" decoding=\"async\" width=\"768\" height=\"960\" src=\"https:\/\/lespremiersclaps.fr\/wp-content\/uploads\/2026\/02\/VISUEL-MASTERCLASS-ACTING-OK-768x960.png\" class=\"attachment-medium_large size-medium_large wp-image-1543\" alt=\"\" srcset=\"https:\/\/lespremiersclaps.fr\/wp-content\/uploads\/2026\/02\/VISUEL-MASTERCLASS-ACTING-OK-768x960.png 768w, https:\/\/lespremiersclaps.fr\/wp-content\/uploads\/2026\/02\/VISUEL-MASTERCLASS-ACTING-OK-240x300.png 240w, https:\/\/lespremiersclaps.fr\/wp-content\/uploads\/2026\/02\/VISUEL-MASTERCLASS-ACTING-OK-819x1024.png 819w, https:\/\/lespremiersclaps.fr\/wp-content\/uploads\/2026\/02\/VISUEL-MASTERCLASS-ACTING-OK-864x1080.png 864w, https:\/\/lespremiersclaps.fr\/wp-content\/uploads\/2026\/02\/VISUEL-MASTERCLASS-ACTING-OK.png 1080w\" sizes=\"(max-width: 768px) 100vw, 768px\" \/>\t\t\t\t\t\t\t\t\t\t\t\t\t\t\t<\/div>\n\t\t\t\t\t<\/div>\n\t\t\t\t<\/div>\n\t\t<div class=\"elementor-element elementor-element-9d7e7d4 e-flex e-con-boxed e-con e-parent\" data-id=\"9d7e7d4\" data-element_type=\"container\">\n\t\t\t\t\t<div class=\"e-con-inner\">\n\t\t\t\t<div class=\"elementor-element elementor-element-8682afd elementor-button-warning elementor-align-center elementor-widget elementor-widget-button\" data-id=\"8682afd\" data-element_type=\"widget\" data-widget_type=\"button.default\">\n\t\t\t\t\t\t\t\t\t\t<a class=\"elementor-button elementor-button-link elementor-size-sm\" href=\"https:\/\/www.helloasso.com\/associations\/les-premiers-claps\/evenements\/masterclass-acting-10-avril-2026\" target=\"_blank\" https=\"\">\n\t\t\t\t\t\t<span class=\"elementor-button-content-wrapper\">\n\t\t\t\t\t\t\t\t\t<span class=\"elementor-button-text\">Cliquez ici pour s'inscrire<\/span>\n\t\t\t\t\t<\/span>\n\t\t\t\t\t<\/a>\n\t\t\t\t\t\t\t\t<\/div>\n\t\t\t\t\t<\/div>\n\t\t\t\t<\/div>\n\t\t<div class=\"elementor-element elementor-element-485b9fc0 e-flex e-con-boxed e-con e-parent\" data-id=\"485b9fc0\" data-element_type=\"container\">\n\t\t\t\t\t<div class=\"e-con-inner\">\n\t\t\t\t<div class=\"elementor-element elementor-element-1e7670ce elementor-widget elementor-widget-text-editor\" data-id=\"1e7670ce\" data-element_type=\"widget\" data-widget_type=\"text-editor.default\">\n\t\t\t\t\t\t\t\t\t\n<p><strong><mark style=\"background-color:rgba(0, 0, 0, 0)\" class=\"has-inline-color has-luminous-vivid-orange-color\">Surveillez nos r\u00e9seaux sociaux !<\/mark><\/strong><\/p>\n\n\n\n<p><\/p>\n\t\t\t\t\t\t\t\t<\/div>\n\t\t\t\t\t<\/div>\n\t\t\t\t<\/div>\n\t\t<div class=\"elementor-element elementor-element-2ebd968 e-flex e-con-boxed e-con e-parent\" data-id=\"2ebd968\" data-element_type=\"container\">\n\t\t\t\t\t<div class=\"e-con-inner\">\n\t\t\t\t<div class=\"elementor-element elementor-element-b62d852 elementor-widget elementor-widget-text-editor\" data-id=\"b62d852\" data-element_type=\"widget\" data-widget_type=\"text-editor.default\">\n\t\t\t\t\t\t\t\t\t<p style=\"margin: 0px; font-style: normal; font-variant-caps: normal; font-width: normal; font-size: 13px; line-height: normal; font-family: &quot;Helvetica Neue&quot;; font-size-adjust: none; font-kerning: auto; font-variant-alternates: normal; font-variant-ligatures: normal; font-variant-numeric: normal; font-variant-east-asian: normal; font-variant-position: normal; font-variant-emoji: normal; font-feature-settings: normal; font-optical-sizing: auto; font-variation-settings: normal;\"><b>En pr\u00e9paration : une Masterclass Acting<\/b><\/p>\n<p style=\"margin: 0px; font-style: normal; font-variant-caps: normal; font-width: normal; font-size: 13px; line-height: normal; font-family: &quot;Helvetica Neue&quot;; font-size-adjust: none; font-kerning: auto; font-variant-alternates: normal; font-variant-ligatures: normal; font-variant-numeric: normal; font-variant-east-asian: normal; font-variant-position: normal; font-variant-emoji: normal; font-feature-settings: normal; font-optical-sizing: auto; font-variation-settings: normal;\"><br><\/p>\n<p style=\"margin: 0px; font-style: normal; font-variant-caps: normal; font-width: normal; font-size: 13px; line-height: normal; font-family: &quot;Helvetica Neue&quot;; font-size-adjust: none; font-kerning: auto; font-variant-alternates: normal; font-variant-ligatures: normal; font-variant-numeric: normal; font-variant-east-asian: normal; font-variant-position: normal; font-variant-emoji: normal; font-feature-settings: normal; font-optical-sizing: auto; font-variation-settings: normal;\">Venez passer un moment privil\u00e9gi\u00e9 avec des com\u00e9diennes qui ont jou\u00e9 dans des t\u00e9l\u00e9films et s\u00e9ries t\u00e9l\u00e9vis\u00e9es, des courts m\u00e9trages, au th\u00e9\u00e2tre et qui font \u00e9galement de la voix-off !<\/p>\n<p style=\"margin: 0px; font-style: normal; font-variant-caps: normal; font-width: normal; font-size: 13px; line-height: normal; font-family: &quot;Helvetica Neue&quot;; font-size-adjust: none; font-kerning: auto; font-variant-alternates: normal; font-variant-ligatures: normal; font-variant-numeric: normal; font-variant-east-asian: normal; font-variant-position: normal; font-variant-emoji: normal; font-feature-settings: normal; font-optical-sizing: auto; font-variation-settings: normal; min-height: 15px;\"><br><\/p>\n<p style=\"margin: 0px; font-style: normal; font-variant-caps: normal; font-width: normal; font-size: 13px; line-height: normal; font-family: &quot;Helvetica Neue&quot;; font-size-adjust: none; font-kerning: auto; font-variant-alternates: normal; font-variant-ligatures: normal; font-variant-numeric: normal; font-variant-east-asian: normal; font-variant-position: normal; font-variant-emoji: normal; font-feature-settings: normal; font-optical-sizing: auto; font-variation-settings: normal;\"><b>Masterclass R\u00e9alisation :<\/b><\/p>\n<p style=\"margin: 0px; font-style: normal; font-variant-caps: normal; font-width: normal; font-size: 13px; line-height: normal; font-family: &quot;Helvetica Neue&quot;; font-size-adjust: none; font-kerning: auto; font-variant-alternates: normal; font-variant-ligatures: normal; font-variant-numeric: normal; font-variant-east-asian: normal; font-variant-position: normal; font-variant-emoji: normal; font-feature-settings: normal; font-optical-sizing: auto; font-variation-settings: normal;\">En pr\u00e9paration pour la fin de l\u2019ann\u00e9e, venez rencontrer et discuter avec des r\u00e9alisateurs et producteurs de films confirm\u00e9s<\/p>\n<p style=\"margin: 0px; font-style: normal; font-variant-caps: normal; font-width: normal; font-size: 13px; line-height: normal; font-family: &quot;Helvetica Neue&quot;; font-size-adjust: none; font-kerning: auto; font-variant-alternates: normal; font-variant-ligatures: normal; font-variant-numeric: normal; font-variant-east-asian: normal; font-variant-position: normal; font-variant-emoji: normal; font-feature-settings: normal; font-optical-sizing: auto; font-variation-settings: normal; min-height: 15px;\"><br><\/p>\n<p style=\"margin: 0px; font-style: normal; font-variant-caps: normal; font-width: normal; font-size: 13px; line-height: normal; font-family: &quot;Helvetica Neue&quot;; font-size-adjust: none; font-kerning: auto; font-variant-alternates: normal; font-variant-ligatures: normal; font-variant-numeric: normal; font-variant-east-asian: normal; font-variant-position: normal; font-variant-emoji: normal; font-feature-settings: normal; font-optical-sizing: auto; font-variation-settings: normal;\">En pr\u00e9paration pour la fin de cette ann\u00e9e, une <b>Masterclass<\/b> <b>Musique<\/b> : 1 journ\u00e9e de rencontre et d\u2019\u00e9change avec des artistes confirm\u00e9.es, des compositeurs.trices de musique<\/p>\n<p style=\"margin: 0px; font-style: normal; font-variant-caps: normal; font-width: normal; font-size: 13px; line-height: normal; font-family: &quot;Helvetica Neue&quot;; font-size-adjust: none; font-kerning: auto; font-variant-alternates: normal; font-variant-ligatures: normal; font-variant-numeric: normal; font-variant-east-asian: normal; font-variant-position: normal; font-variant-emoji: normal; font-feature-settings: normal; font-optical-sizing: auto; font-variation-settings: normal; min-height: 15px;\"><br><\/p>\n<p style=\"margin: 0px; font-style: normal; font-variant-caps: normal; font-width: normal; font-size: 13px; line-height: normal; font-family: &quot;Helvetica Neue&quot;; font-size-adjust: none; font-kerning: auto; font-variant-alternates: normal; font-variant-ligatures: normal; font-variant-numeric: normal; font-variant-east-asian: normal; font-variant-position: normal; font-variant-emoji: normal; font-feature-settings: normal; font-optical-sizing: auto; font-variation-settings: normal;\">Le tarif de la journ\u00e9e de Masterclass vous sera communiqu\u00e9 d\u00e8s que les inscriptions seront ouvertes, tarif r\u00e9duit pour les membres de l\u2019association. Nombre de places limit\u00e9.<\/p>\n<p style=\"margin: 0px; font-style: normal; font-variant-caps: normal; font-width: normal; font-size: 13px; line-height: normal; font-family: &quot;Helvetica Neue&quot;; font-size-adjust: none; font-kerning: auto; font-variant-alternates: normal; font-variant-ligatures: normal; font-variant-numeric: normal; font-variant-east-asian: normal; font-variant-position: normal; font-variant-emoji: normal; font-feature-settings: normal; font-optical-sizing: auto; font-variation-settings: normal; min-height: 15px;\"><br><\/p>\n<p style=\"margin: 0px; font-style: normal; font-variant-caps: normal; font-width: normal; font-size: 13px; line-height: normal; font-family: &quot;Helvetica Neue&quot;; font-size-adjust: none; font-kerning: auto; font-variant-alternates: normal; font-variant-ligatures: normal; font-variant-numeric: normal; font-variant-east-asian: normal; font-variant-position: normal; font-variant-emoji: normal; font-feature-settings: normal; font-optical-sizing: auto; font-variation-settings: normal;\">Surveillez bien nos r\u00e9seaux sociaux,<\/p>\t\t\t\t\t\t\t\t<\/div>\n\t\t\t\t\t<\/div>\n\t\t\t\t<\/div>\n\t\t\t\t<\/div>\n\t\t","protected":false},"excerpt":{"rendered":"<p>Cliquez ici pour s&#8217;inscrire Surveillez nos r\u00e9seaux sociaux ! En pr\u00e9paration : une Masterclass Acting Venez passer un moment privil\u00e9gi\u00e9 avec des com\u00e9diennes qui ont jou\u00e9 dans des t\u00e9l\u00e9films et s\u00e9ries t\u00e9l\u00e9vis\u00e9es, des courts m\u00e9trages, au th\u00e9\u00e2tre et qui font \u00e9galement de la voix-off ! Masterclass R\u00e9alisation : En pr\u00e9paration pour la fin de l\u2019ann\u00e9e, [&hellip;]<\/p>\n","protected":false},"author":1,"featured_media":0,"parent":0,"menu_order":0,"comment_status":"closed","ping_status":"closed","template":"","meta":{"_acf_changed":false,"saved_in_kubio":true,"footnotes":""},"class_list":["post-102","page","type-page","status-publish","hentry"],"acf":[],"kubio_ai_page_context":{"short_desc":"","purpose":"general"},"yoast_head":"<!-- This site is optimized with the Yoast SEO plugin v26.1 - https:\/\/yoast.com\/wordpress\/plugins\/seo\/ -->\n<title>Masterclass - LES PREMIERS CLAPS<\/title>\n<meta name=\"robots\" content=\"index, follow, max-snippet:-1, max-image-preview:large, max-video-preview:-1\" \/>\n<link rel=\"canonical\" href=\"https:\/\/lespremiersclaps.fr\/?page_id=102\" \/>\n<meta property=\"og:locale\" content=\"fr_FR\" \/>\n<meta property=\"og:type\" content=\"article\" \/>\n<meta property=\"og:title\" content=\"Masterclass - LES PREMIERS CLAPS\" \/>\n<meta property=\"og:description\" content=\"Cliquez ici pour s&#8217;inscrire Surveillez nos r\u00e9seaux sociaux ! En pr\u00e9paration : une Masterclass Acting Venez passer un moment privil\u00e9gi\u00e9 avec des com\u00e9diennes qui ont jou\u00e9 dans des t\u00e9l\u00e9films et s\u00e9ries t\u00e9l\u00e9vis\u00e9es, des courts m\u00e9trages, au th\u00e9\u00e2tre et qui font \u00e9galement de la voix-off ! Masterclass R\u00e9alisation : En pr\u00e9paration pour la fin de l\u2019ann\u00e9e, [&hellip;]\" \/>\n<meta property=\"og:url\" content=\"https:\/\/lespremiersclaps.fr\/?page_id=102\" \/>\n<meta property=\"og:site_name\" content=\"LES PREMIERS CLAPS\" \/>\n<meta property=\"article:publisher\" content=\"https:\/\/www.facebook.com\/profile.php?id=61577826105778\" \/>\n<meta property=\"article:modified_time\" content=\"2026-03-11T18:36:58+00:00\" \/>\n<meta property=\"og:image\" content=\"https:\/\/lespremiersclaps.fr\/wp-content\/uploads\/2026\/02\/VISUEL-MASTERCLASS-ACTING-OK.png\" \/>\n\t<meta property=\"og:image:width\" content=\"1080\" \/>\n\t<meta property=\"og:image:height\" content=\"1350\" \/>\n\t<meta property=\"og:image:type\" content=\"image\/png\" \/>\n<meta name=\"twitter:card\" content=\"summary_large_image\" \/>\n<meta name=\"twitter:label1\" content=\"Dur\u00e9e de lecture estim\u00e9e\" \/>\n\t<meta name=\"twitter:data1\" content=\"1 minute\" \/>\n<script type=\"application\/ld+json\" class=\"yoast-schema-graph\">{\"@context\":\"https:\/\/schema.org\",\"@graph\":[{\"@type\":\"WebPage\",\"@id\":\"https:\/\/lespremiersclaps.fr\/?page_id=102\",\"url\":\"https:\/\/lespremiersclaps.fr\/?page_id=102\",\"name\":\"Masterclass - LES PREMIERS CLAPS\",\"isPartOf\":{\"@id\":\"https:\/\/lespremiersclaps.fr\/#website\"},\"primaryImageOfPage\":{\"@id\":\"https:\/\/lespremiersclaps.fr\/?page_id=102#primaryimage\"},\"image\":{\"@id\":\"https:\/\/lespremiersclaps.fr\/?page_id=102#primaryimage\"},\"thumbnailUrl\":\"https:\/\/lespremiersclaps.fr\/wp-content\/uploads\/2026\/02\/VISUEL-MASTERCLASS-ACTING-OK-768x960.png\",\"datePublished\":\"2025-08-05T13:37:56+00:00\",\"dateModified\":\"2026-03-11T18:36:58+00:00\",\"breadcrumb\":{\"@id\":\"https:\/\/lespremiersclaps.fr\/?page_id=102#breadcrumb\"},\"inLanguage\":\"fr-FR\",\"potentialAction\":[{\"@type\":\"ReadAction\",\"target\":[\"https:\/\/lespremiersclaps.fr\/?page_id=102\"]}]},{\"@type\":\"ImageObject\",\"inLanguage\":\"fr-FR\",\"@id\":\"https:\/\/lespremiersclaps.fr\/?page_id=102#primaryimage\",\"url\":\"https:\/\/lespremiersclaps.fr\/wp-content\/uploads\/2026\/02\/VISUEL-MASTERCLASS-ACTING-OK.png\",\"contentUrl\":\"https:\/\/lespremiersclaps.fr\/wp-content\/uploads\/2026\/02\/VISUEL-MASTERCLASS-ACTING-OK.png\",\"width\":1080,\"height\":1350},{\"@type\":\"BreadcrumbList\",\"@id\":\"https:\/\/lespremiersclaps.fr\/?page_id=102#breadcrumb\",\"itemListElement\":[{\"@type\":\"ListItem\",\"position\":1,\"name\":\"Accueil\",\"item\":\"https:\/\/lespremiersclaps.fr\/\"},{\"@type\":\"ListItem\",\"position\":2,\"name\":\"Masterclass\"}]},{\"@type\":\"WebSite\",\"@id\":\"https:\/\/lespremiersclaps.fr\/#website\",\"url\":\"https:\/\/lespremiersclaps.fr\/\",\"name\":\"Les Premiers Claps\",\"description\":\"\",\"publisher\":{\"@id\":\"https:\/\/lespremiersclaps.fr\/#organization\"},\"potentialAction\":[{\"@type\":\"SearchAction\",\"target\":{\"@type\":\"EntryPoint\",\"urlTemplate\":\"https:\/\/lespremiersclaps.fr\/?s={search_term_string}\"},\"query-input\":{\"@type\":\"PropertyValueSpecification\",\"valueRequired\":true,\"valueName\":\"search_term_string\"}}],\"inLanguage\":\"fr-FR\"},{\"@type\":\"Organization\",\"@id\":\"https:\/\/lespremiersclaps.fr\/#organization\",\"name\":\"Les Premiers Claps\",\"url\":\"https:\/\/lespremiersclaps.fr\/\",\"logo\":{\"@type\":\"ImageObject\",\"inLanguage\":\"fr-FR\",\"@id\":\"https:\/\/lespremiersclaps.fr\/#\/schema\/logo\/image\/\",\"url\":\"https:\/\/lespremiersclaps.fr\/wp-content\/uploads\/2025\/08\/Photo-Clap-1-scaled.jpg\",\"contentUrl\":\"https:\/\/lespremiersclaps.fr\/wp-content\/uploads\/2025\/08\/Photo-Clap-1-scaled.jpg\",\"width\":2560,\"height\":1440,\"caption\":\"Les Premiers Claps\"},\"image\":{\"@id\":\"https:\/\/lespremiersclaps.fr\/#\/schema\/logo\/image\/\"},\"sameAs\":[\"https:\/\/www.facebook.com\/profile.php?id=61577826105778\",\"https:\/\/www.instagram.com\/lespremiersclaps\"]}]}<\/script>\n<!-- \/ Yoast SEO plugin. -->","yoast_head_json":{"title":"Masterclass - LES PREMIERS CLAPS","robots":{"index":"index","follow":"follow","max-snippet":"max-snippet:-1","max-image-preview":"max-image-preview:large","max-video-preview":"max-video-preview:-1"},"canonical":"https:\/\/lespremiersclaps.fr\/?page_id=102","og_locale":"fr_FR","og_type":"article","og_title":"Masterclass - LES PREMIERS CLAPS","og_description":"Cliquez ici pour s&#8217;inscrire Surveillez nos r\u00e9seaux sociaux ! En pr\u00e9paration : une Masterclass Acting Venez passer un moment privil\u00e9gi\u00e9 avec des com\u00e9diennes qui ont jou\u00e9 dans des t\u00e9l\u00e9films et s\u00e9ries t\u00e9l\u00e9vis\u00e9es, des courts m\u00e9trages, au th\u00e9\u00e2tre et qui font \u00e9galement de la voix-off ! Masterclass R\u00e9alisation : En pr\u00e9paration pour la fin de l\u2019ann\u00e9e, [&hellip;]","og_url":"https:\/\/lespremiersclaps.fr\/?page_id=102","og_site_name":"LES PREMIERS CLAPS","article_publisher":"https:\/\/www.facebook.com\/profile.php?id=61577826105778","article_modified_time":"2026-03-11T18:36:58+00:00","og_image":[{"width":1080,"height":1350,"url":"https:\/\/lespremiersclaps.fr\/wp-content\/uploads\/2026\/02\/VISUEL-MASTERCLASS-ACTING-OK.png","type":"image\/png"}],"twitter_card":"summary_large_image","twitter_misc":{"Dur\u00e9e de lecture estim\u00e9e":"1 minute"},"schema":{"@context":"https:\/\/schema.org","@graph":[{"@type":"WebPage","@id":"https:\/\/lespremiersclaps.fr\/?page_id=102","url":"https:\/\/lespremiersclaps.fr\/?page_id=102","name":"Masterclass - LES PREMIERS CLAPS","isPartOf":{"@id":"https:\/\/lespremiersclaps.fr\/#website"},"primaryImageOfPage":{"@id":"https:\/\/lespremiersclaps.fr\/?page_id=102#primaryimage"},"image":{"@id":"https:\/\/lespremiersclaps.fr\/?page_id=102#primaryimage"},"thumbnailUrl":"https:\/\/lespremiersclaps.fr\/wp-content\/uploads\/2026\/02\/VISUEL-MASTERCLASS-ACTING-OK-768x960.png","datePublished":"2025-08-05T13:37:56+00:00","dateModified":"2026-03-11T18:36:58+00:00","breadcrumb":{"@id":"https:\/\/lespremiersclaps.fr\/?page_id=102#breadcrumb"},"inLanguage":"fr-FR","potentialAction":[{"@type":"ReadAction","target":["https:\/\/lespremiersclaps.fr\/?page_id=102"]}]},{"@type":"ImageObject","inLanguage":"fr-FR","@id":"https:\/\/lespremiersclaps.fr\/?page_id=102#primaryimage","url":"https:\/\/lespremiersclaps.fr\/wp-content\/uploads\/2026\/02\/VISUEL-MASTERCLASS-ACTING-OK.png","contentUrl":"https:\/\/lespremiersclaps.fr\/wp-content\/uploads\/2026\/02\/VISUEL-MASTERCLASS-ACTING-OK.png","width":1080,"height":1350},{"@type":"BreadcrumbList","@id":"https:\/\/lespremiersclaps.fr\/?page_id=102#breadcrumb","itemListElement":[{"@type":"ListItem","position":1,"name":"Accueil","item":"https:\/\/lespremiersclaps.fr\/"},{"@type":"ListItem","position":2,"name":"Masterclass"}]},{"@type":"WebSite","@id":"https:\/\/lespremiersclaps.fr\/#website","url":"https:\/\/lespremiersclaps.fr\/","name":"Les Premiers Claps","description":"","publisher":{"@id":"https:\/\/lespremiersclaps.fr\/#organization"},"potentialAction":[{"@type":"SearchAction","target":{"@type":"EntryPoint","urlTemplate":"https:\/\/lespremiersclaps.fr\/?s={search_term_string}"},"query-input":{"@type":"PropertyValueSpecification","valueRequired":true,"valueName":"search_term_string"}}],"inLanguage":"fr-FR"},{"@type":"Organization","@id":"https:\/\/lespremiersclaps.fr\/#organization","name":"Les Premiers Claps","url":"https:\/\/lespremiersclaps.fr\/","logo":{"@type":"ImageObject","inLanguage":"fr-FR","@id":"https:\/\/lespremiersclaps.fr\/#\/schema\/logo\/image\/","url":"https:\/\/lespremiersclaps.fr\/wp-content\/uploads\/2025\/08\/Photo-Clap-1-scaled.jpg","contentUrl":"https:\/\/lespremiersclaps.fr\/wp-content\/uploads\/2025\/08\/Photo-Clap-1-scaled.jpg","width":2560,"height":1440,"caption":"Les Premiers Claps"},"image":{"@id":"https:\/\/lespremiersclaps.fr\/#\/schema\/logo\/image\/"},"sameAs":["https:\/\/www.facebook.com\/profile.php?id=61577826105778","https:\/\/www.instagram.com\/lespremiersclaps"]}]}},"_links":{"self":[{"href":"https:\/\/lespremiersclaps.fr\/index.php?rest_route=\/wp\/v2\/pages\/102","targetHints":{"allow":["GET"]}}],"collection":[{"href":"https:\/\/lespremiersclaps.fr\/index.php?rest_route=\/wp\/v2\/pages"}],"about":[{"href":"https:\/\/lespremiersclaps.fr\/index.php?rest_route=\/wp\/v2\/types\/page"}],"author":[{"embeddable":true,"href":"https:\/\/lespremiersclaps.fr\/index.php?rest_route=\/wp\/v2\/users\/1"}],"replies":[{"embeddable":true,"href":"https:\/\/lespremiersclaps.fr\/index.php?rest_route=%2Fwp%2Fv2%2Fcomments&post=102"}],"version-history":[{"count":64,"href":"https:\/\/lespremiersclaps.fr\/index.php?rest_route=\/wp\/v2\/pages\/102\/revisions"}],"predecessor-version":[{"id":1619,"href":"https:\/\/lespremiersclaps.fr\/index.php?rest_route=\/wp\/v2\/pages\/102\/revisions\/1619"}],"wp:attachment":[{"href":"https:\/\/lespremiersclaps.fr\/index.php?rest_route=%2Fwp%2Fv2%2Fmedia&parent=102"}],"curies":[{"name":"wp","href":"https:\/\/api.w.org\/{rel}","templated":true}]}}